{"id":2,"date":"2021-05-29T09:00:46","date_gmt":"2021-05-29T09:00:46","guid":{"rendered":"https:\/\/conference.blackseacybersecurity.net\/2021\/?page_id=2"},"modified":"2021-07-05T12:37:07","modified_gmt":"2021-07-05T12:37:07","slug":"sample-page","status":"publish","type":"page","link":"https:\/\/conference.blackseacybersecurity.net\/2021\/","title":{"rendered":"BSCySeC-21 &#8211; Living in a post-pandemic world"},"content":{"rendered":"\n<p class=\"has-text-align-center has-vivid-red-color has-text-color has-medium-font-size\"><\/p>\n\n\n\n<p class=\"has-medium-font-size\"><strong>The maritime domain is one of the main factors of progress in global development, any disturbance of this sector affecting the whole world.<\/strong><\/p>\n\n\n\n<p class=\"has-medium-font-size\"><strong>Neglected in recent decades of technological development, cybersecurity has become a key concern for sustainable development. The global challenges of recent years have demonstrated the vital need for paradigm shifts in technological development, including cyber security as a key factor in projecting progress.<\/strong> <\/p>\n\n\n\n<p><strong>Conference historical overview<\/strong><\/p>\n\n\n\n<p class=\"has-small-font-size\">The BSCySEC conference series started in 2017 and continued with nodal events in 2018, 2019 and 2020, the speakers of the conference being among the most knowledgeable in the field of cyber security and its applications in the maritime industry. The institutional actors participating in the latest editions of the conference have definitely influenced the perception and measures on cyber security at the global level, the measures taken leading to the increase of responsibilities and efficiency of emerging and innovative technologies.<\/p>\n\n\n\n<figure class=\"wp-block-table aligncenter is-style-stripes\"><table><tbody><tr><td class=\"has-text-align-center\" data-align=\"center\"><a href=\"https:\/\/conference.blackseacybersecurity.net\/2021\">Current Edition<br>BSCySEC-2021<\/a><\/td><td class=\"has-text-align-center\" data-align=\"center\"><a href=\"https:\/\/conference.blackseacybersecurity.net\/2017\/\" target=\"_blank\" rel=\"noreferrer noopener\">1-st Edition<br>BSCySEC-2017<\/a><\/td><td class=\"has-text-align-center\" data-align=\"center\"><a href=\"https:\/\/conference.blackseacybersecurity.net\/2018\/\" target=\"_blank\" rel=\"noreferrer noopener\">2-nd Edition<br>BSCySEC-2018<\/a><\/td><td class=\"has-text-align-center\" data-align=\"center\"><a href=\"https:\/\/conference.blackseacybersecurity.net\/2019\/\" target=\"_blank\" rel=\"noreferrer noopener\">3-rd Edition<br>BSCySEC-2019<\/a><\/td><td class=\"has-text-align-center\" data-align=\"center\"><a rel=\"noreferrer noopener\" href=\"https:\/\/conference.blackseacybersecurity.net\/2020\/\" target=\"_blank\">4-th Edition<br>BSCySEC-2020<\/a><\/td><\/tr><tr><td class=\"has-text-align-center\" data-align=\"center\"><img loading=\"lazy\" decoding=\"async\" width=\"1300\" height=\"761\" class=\"wp-image-388\" style=\"width: 1300px;\" src=\"http:\/\/conference.blackseacybersecurity.net\/2021\/wp-content\/uploads\/sites\/6\/2021\/06\/2021.png\" alt=\"\" srcset=\"https:\/\/conference.blackseacybersecurity.net\/2021\/wp-content\/uploads\/sites\/6\/2021\/06\/2021.png 1136w, https:\/\/conference.blackseacybersecurity.net\/2021\/wp-content\/uploads\/sites\/6\/2021\/06\/2021-300x176.png 300w, https:\/\/conference.blackseacybersecurity.net\/2021\/wp-content\/uploads\/sites\/6\/2021\/06\/2021-1024x599.png 1024w, https:\/\/conference.blackseacybersecurity.net\/2021\/wp-content\/uploads\/sites\/6\/2021\/06\/2021-768x450.png 768w\" sizes=\"auto, (max-width: 706px) 89vw, (max-width: 767px) 82vw, 740px\" \/><\/td><td class=\"has-text-align-center\" data-align=\"center\"><img loading=\"lazy\" decoding=\"async\" srcset=\"https:\/\/conference.blackseacybersecurity.net\/2020\/wp-content\/uploads\/sites\/5\/2020\/03\/BSCysec-17-1024x835.jpg 1024w, https:\/\/conference.blackseacybersecurity.net\/2020\/wp-content\/uploads\/sites\/5\/2020\/03\/BSCysec-17-300x245.jpg 300w, https:\/\/conference.blackseacybersecurity.net\/2020\/wp-content\/uploads\/sites\/5\/2020\/03\/BSCysec-17-768x626.jpg 768w, https:\/\/conference.blackseacybersecurity.net\/2020\/wp-content\/uploads\/sites\/5\/2020\/03\/BSCysec-17.jpg 1109w\" src=\"https:\/\/conference.blackseacybersecurity.net\/2020\/wp-content\/uploads\/sites\/5\/2020\/03\/BSCysec-17-1024x835.jpg\" alt=\"\" width=\"1024\" height=\"835\"><\/td><td class=\"has-text-align-center\" data-align=\"center\"><img loading=\"lazy\" decoding=\"async\" srcset=\"https:\/\/conference.blackseacybersecurity.net\/2020\/wp-content\/uploads\/sites\/5\/2020\/03\/BSCysec-18-1024x619.jpg 1024w, https:\/\/conference.blackseacybersecurity.net\/2020\/wp-content\/uploads\/sites\/5\/2020\/03\/BSCysec-18-300x181.jpg 300w, https:\/\/conference.blackseacybersecurity.net\/2020\/wp-content\/uploads\/sites\/5\/2020\/03\/BSCysec-18-768x464.jpg 768w, https:\/\/conference.blackseacybersecurity.net\/2020\/wp-content\/uploads\/sites\/5\/2020\/03\/BSCysec-18.jpg 1491w\" src=\"https:\/\/conference.blackseacybersecurity.net\/2020\/wp-content\/uploads\/sites\/5\/2020\/03\/BSCysec-18-1024x619.jpg\" alt=\"\" width=\"1024\" height=\"619\"><\/td><td class=\"has-text-align-center\" data-align=\"center\"><img loading=\"lazy\" decoding=\"async\" srcset=\"https:\/\/conference.blackseacybersecurity.net\/2020\/wp-content\/uploads\/sites\/5\/2020\/03\/BSCysec-19-1024x618.jpg 1024w, https:\/\/conference.blackseacybersecurity.net\/2020\/wp-content\/uploads\/sites\/5\/2020\/03\/BSCysec-19-300x181.jpg 300w, https:\/\/conference.blackseacybersecurity.net\/2020\/wp-content\/uploads\/sites\/5\/2020\/03\/BSCysec-19-768x463.jpg 768w, https:\/\/conference.blackseacybersecurity.net\/2020\/wp-content\/uploads\/sites\/5\/2020\/03\/BSCysec-19.jpg 1493w\" src=\"https:\/\/conference.blackseacybersecurity.net\/2020\/wp-content\/uploads\/sites\/5\/2020\/03\/BSCysec-19-1024x618.jpg\" alt=\"\" width=\"1024\" height=\"618\"><\/td><td class=\"has-text-align-center\" data-align=\"center\"><img decoding=\"async\" src=\"https:\/\/conference.blackseacybersecurity.net\/2021\/wp-content\/uploads\/sites\/6\/2021\/05\/c4-1024x692.png\" alt=\"\"><\/td><\/tr><\/tbody><\/table><figcaption>Black Sea Maritime Cyber Security Conference Editions &#8211; Constanta Maritime University &#8211; 2017-2020. Conference coordinators Gabriel Raicu, Remus Zagan.<\/figcaption><\/figure>\n\n\n\n<hr class=\"wp-block-separator is-style-wide\"\/>\n\n\n\n<p class=\"has-text-align-center has-vivid-red-color has-text-color has-medium-font-size\"><strong> <\/strong><\/p>\n\n\n\n<p class=\"has-text-align-center has-vivid-red-color has-text-color has-medium-font-size\"><strong>5<sup>th<\/sup> Edition, Cyber Security Month, June 2021<\/strong><\/p>\n\n\n\n<ul class=\"has-small-font-size wp-block-list\"><li><strong>Maritime Cyber Security Month <\/strong>will open on <strong>June 3 with an event preceding the first section &#8220;Cybercrime Pandemics&#8221;<\/strong>. The event will take place starting at 10 am and will include speeches from Constanta Maritime University delegates as well as international, national and local representatives and invited guests:<ul><li>Cornel Panait, President of Senate &#8211; Constanta Maritime University<\/li><li>Bogdan Despescu, General Quaestor of Police, Secretary of State, Ministry of Internal Affairs<\/li><li>Gabriel Raicu, Vice-Rector of research and innovation &#8211; Constanta Maritime University<\/li><li>&nbsp;Mihai Daraban, President \u2013 The Chamber of Commerce and Industry of Romania<\/li><li>Gigi Valentin Stefan, General Prosecutor, Prosecutor\u2019s Office of Constanta Court of Appeal<\/li><li>Gheorghe Viorel Teodor \u2013 President of Tribunal Constanta County<\/li><li>Grigore Iacobici Gill Julien, First Prosecutor of the Prosecutor\u2019s Office attached to the Tribunal<\/li><li>Robert Fleckhammer, Chief Prosecutor \u2013 Directorate for Investigating Organized Crime and Terrorism<\/li><li>Drago\u015f Chilea, President of International Crime Bar<\/li><li>Cosmin Dumitrache, President of Romanian Naval Authority<\/li><li>Cicu Laurentiu, Chief Commissioner, Romanian Coast Guard<\/li><li>C\u0103t\u0103lin Fili\u015fan, Dean of Constanta Lawyer Bar<\/li><\/ul><\/li><\/ul>\n\n\n\n<p><\/p>\n\n\n\n<p class=\"has-text-align-center has-vivid-cyan-blue-color has-text-color\"><strong>CONFERENCE CALENDAR<\/strong><\/p>\n\n\n\n<div class=\"wp-block-image\"><figure class=\"aligncenter size-large\"><img loading=\"lazy\" decoding=\"async\" width=\"1024\" height=\"567\" src=\"https:\/\/conference.blackseacybersecurity.net\/2021\/wp-content\/uploads\/sites\/6\/2021\/06\/image-1-1024x567.png\" alt=\"\" class=\"wp-image-317\" srcset=\"https:\/\/conference.blackseacybersecurity.net\/2021\/wp-content\/uploads\/sites\/6\/2021\/06\/image-1-1024x567.png 1024w, https:\/\/conference.blackseacybersecurity.net\/2021\/wp-content\/uploads\/sites\/6\/2021\/06\/image-1-300x166.png 300w, https:\/\/conference.blackseacybersecurity.net\/2021\/wp-content\/uploads\/sites\/6\/2021\/06\/image-1-768x425.png 768w, https:\/\/conference.blackseacybersecurity.net\/2021\/wp-content\/uploads\/sites\/6\/2021\/06\/image-1.png 1269w\" sizes=\"auto, (max-width: 706px) 89vw, (max-width: 767px) 82vw, 740px\" \/><\/figure><\/div>\n\n\n\n<p><\/p>\n","protected":false},"excerpt":{"rendered":"<p>The maritime domain is one of the main factors of progress in global development, any disturbance of this sector affecting the whole world. Neglected in recent decades of technological development, cybersecurity has become a key concern for sustainable development. The global challenges of recent years have demonstrated the vital need for paradigm shifts in technological &hellip; <\/p>\n<p class=\"link-more\"><a href=\"https:\/\/conference.blackseacybersecurity.net\/2021\/\" class=\"more-link\">Continue reading<span class=\"screen-reader-text\"> &#8220;BSCySeC-21 &#8211; Living in a post-pandemic world&#8221;<\/span><\/a><\/p>\n","protected":false},"author":1,"featured_media":0,"parent":0,"menu_order":0,"comment_status":"closed","ping_status":"open","template":"","meta":{"footnotes":""},"class_list":["post-2","page","type-page","status-publish","hentry"],"_links":{"self":[{"href":"https:\/\/conference.blackseacybersecurity.net\/2021\/wp-json\/wp\/v2\/pages\/2","targetHints":{"allow":["GET"]}}],"collection":[{"href":"https:\/\/conference.blackseacybersecurity.net\/2021\/wp-json\/wp\/v2\/pages"}],"about":[{"href":"https:\/\/conference.blackseacybersecurity.net\/2021\/wp-json\/wp\/v2\/types\/page"}],"author":[{"embeddable":true,"href":"https:\/\/conference.blackseacybersecurity.net\/2021\/wp-json\/wp\/v2\/users\/1"}],"replies":[{"embeddable":true,"href":"https:\/\/conference.blackseacybersecurity.net\/2021\/wp-json\/wp\/v2\/comments?post=2"}],"version-history":[{"count":65,"href":"https:\/\/conference.blackseacybersecurity.net\/2021\/wp-json\/wp\/v2\/pages\/2\/revisions"}],"predecessor-version":[{"id":447,"href":"https:\/\/conference.blackseacybersecurity.net\/2021\/wp-json\/wp\/v2\/pages\/2\/revisions\/447"}],"wp:attachment":[{"href":"https:\/\/conference.blackseacybersecurity.net\/2021\/wp-json\/wp\/v2\/media?parent=2"}],"curies":[{"name":"wp","href":"https:\/\/api.w.org\/{rel}","templated":true}]}}